{"id":18533,"date":"2023-12-05T11:14:36","date_gmt":"2023-12-05T11:14:36","guid":{"rendered":"https:\/\/bonavistadev.com\/residential\/barcelona\/propiedades-en-baix-emporda\/"},"modified":"2024-10-07T07:59:31","modified_gmt":"2024-10-07T07:59:31","slug":"baix-emporda","status":"publish","type":"page","link":"https:\/\/bonavistadev.com\/en\/residential\/barcelona\/baix-emporda\/","title":{"rendered":"Properties in Baix Empord\u00e0"},"content":{"rendered":"\t\t<div data-elementor-type=\"wp-page\" data-elementor-id=\"18533\" class=\"elementor elementor-18533 elementor-18528\" data-elementor-post-type=\"page\">\n\t\t\t\t\t\t<section class=\"elementor-section elementor-top-section elementor-element elementor-element-fe96adc elementor-section-stretched elementor-section-boxed elementor-section-height-default elementor-section-height-default\" data-id=\"fe96adc\" data-element_type=\"section\" data-e-type=\"section\" data-settings=\"{&quot;stretch_section&quot;:&quot;section-stretched&quot;,&quot;background_background&quot;:&quot;classic&quot;}\">\n\t\t\t\t\t\t\t<div class=\"elementor-background-overlay\"><\/div>\n\t\t\t\t\t\t\t<div class=\"elementor-container elementor-column-gap-default\">\n\t\t\t\t\t<div class=\"elementor-column elementor-col-33 elementor-top-column elementor-element elementor-element-3465a15\" data-id=\"3465a15\" data-element_type=\"column\" data-e-type=\"column\">\n\t\t\t<div class=\"elementor-widget-wrap\">\n\t\t\t\t\t\t\t<\/div>\n\t\t<\/div>\n\t\t\t\t<div class=\"elementor-column elementor-col-33 elementor-top-column elementor-element elementor-element-a0a7ccd\" data-id=\"a0a7ccd\" data-element_type=\"column\" data-e-type=\"column\">\n\t\t\t<div class=\"elementor-widget-wrap elementor-element-populated\">\n\t\t\t\t\t\t<div class=\"elementor-element elementor-element-f5fe96c elementor-widget elementor-widget-heading\" data-id=\"f5fe96c\" data-element_type=\"widget\" data-e-type=\"widget\" data-widget_type=\"heading.default\">\n\t\t\t\t<div class=\"elementor-widget-container\">\n\t\t\t\t\t<h1 class=\"elementor-heading-title elementor-size-default\">Properties in Barcelona<\/h1>\t\t\t\t<\/div>\n\t\t\t\t<\/div>\n\t\t\t\t<div class=\"elementor-element elementor-element-878117a elementor-widget elementor-widget-heading\" data-id=\"878117a\" data-element_type=\"widget\" data-e-type=\"widget\" data-widget_type=\"heading.default\">\n\t\t\t\t<div class=\"elementor-widget-container\">\n\t\t\t\t\t<h2 class=\"elementor-heading-title elementor-size-default\"><h2><span style=\"font-size: 15px;text-transform: none\">Exclusive new construction residential developments in Baix Empord\u00e0.\nUnique homes in the best locations.<\/span><span style=\"font-size: 15px;text-transform: none\"><\/span><\/h2><\/h2>\t\t\t\t<\/div>\n\t\t\t\t<\/div>\n\t\t\t\t<div class=\"elementor-element elementor-element-1dda92d elementor-align-center elementor-widget elementor-widget-button\" data-id=\"1dda92d\" data-element_type=\"widget\" data-e-type=\"widget\" data-widget_type=\"button.default\">\n\t\t\t\t<div class=\"elementor-widget-container\">\n\t\t\t\t\t\t\t\t\t<div class=\"elementor-button-wrapper\">\n\t\t\t\t\t<a class=\"elementor-button elementor-button-link elementor-size-sm\" href=\"https:\/\/bonavistadev.com\/en\/contacto\/\">\n\t\t\t\t\t\t<span class=\"elementor-button-content-wrapper\">\n\t\t\t\t\t\t\t\t\t<span class=\"elementor-button-text\">Contact now!<\/span>\n\t\t\t\t\t<\/span>\n\t\t\t\t\t<\/a>\n\t\t\t\t<\/div>\n\t\t\t\t\t\t\t\t<\/div>\n\t\t\t\t<\/div>\n\t\t\t\t\t<\/div>\n\t\t<\/div>\n\t\t\t\t<div class=\"elementor-column elementor-col-33 elementor-top-column elementor-element elementor-element-5095c39\" data-id=\"5095c39\" data-element_type=\"column\" data-e-type=\"column\">\n\t\t\t<div class=\"elementor-widget-wrap\">\n\t\t\t\t\t\t\t<\/div>\n\t\t<\/div>\n\t\t\t\t\t<\/div>\n\t\t<\/section>\n\t\t\t\t<section class=\"elementor-section elementor-top-section elementor-element elementor-element-154b0fbe elementor-section-boxed elementor-section-height-default elementor-section-height-default\" data-id=\"154b0fbe\" data-element_type=\"section\" data-e-type=\"section\">\n\t\t\t\t\t\t<div class=\"elementor-container elementor-column-gap-default\">\n\t\t\t\t\t<div class=\"elementor-column elementor-col-100 elementor-top-column elementor-element elementor-element-796ee968\" data-id=\"796ee968\" data-element_type=\"column\" data-e-type=\"column\">\n\t\t\t<div class=\"elementor-widget-wrap elementor-element-populated\">\n\t\t\t\t\t\t<div class=\"elementor-element elementor-element-7ccc6b96 elementor-widget elementor-widget-heading\" data-id=\"7ccc6b96\" data-element_type=\"widget\" data-e-type=\"widget\" data-widget_type=\"heading.default\">\n\t\t\t\t<div class=\"elementor-widget-container\">\n\t\t\t\t\t<h2 class=\"elementor-heading-title elementor-size-default\"><b><p style=\"margin-right: 0px;margin-bottom: 0px;margin-left: 0px;line-height: normal\">PROperties en baix empord\u00e0<span style=\"font-weight: 300\"><\/span><\/p><\/b><\/h2>\t\t\t\t<\/div>\n\t\t\t\t<\/div>\n\t\t\t\t<div class=\"elementor-element elementor-element-5fc697e7 elementor-widget elementor-widget-text-editor\" data-id=\"5fc697e7\" data-element_type=\"widget\" data-e-type=\"widget\" data-widget_type=\"text-editor.default\">\n\t\t\t\t<div class=\"elementor-widget-container\">\n\t\t\t\t\t\t\t\t\t<h2 class=\"elementor-heading-title elementor-size-default elementor-inline-editing pen\" style=\"line-height: 1.5em;  font-size: 15px; text-transform: none; text-align: center;\" data-elementor-setting-key=\"title\" data-pen-placeholder=\"Type Here...\">Exclusive new construction residential developments in Baix Empord\u00e0. Unique homes in the best locations.<\/h2>\t\t\t\t\t\t\t\t<\/div>\n\t\t\t\t<\/div>\n\t\t\t\t\t<\/div>\n\t\t<\/div>\n\t\t\t\t\t<\/div>\n\t\t<\/section>\n\t\t\t\t<section class=\"elementor-section elementor-top-section elementor-element elementor-element-488a388 elementor-section-full_width elementor-section-height-default elementor-section-height-default\" data-id=\"488a388\" data-element_type=\"section\" data-e-type=\"section\">\n\t\t\t\t\t\t<div class=\"elementor-container elementor-column-gap-default\">\n\t\t\t\t\t<div class=\"elementor-column elementor-col-100 elementor-top-column elementor-element elementor-element-a4b5421\" data-id=\"a4b5421\" data-element_type=\"column\" data-e-type=\"column\">\n\t\t\t<div class=\"elementor-widget-wrap elementor-element-populated\">\n\t\t\t\t\t\t<div class=\"elementor-element elementor-element-856548d elementor-widget elementor-widget-shortcode\" data-id=\"856548d\" data-element_type=\"widget\" data-e-type=\"widget\" data-widget_type=\"shortcode.default\">\n\t\t\t\t<div class=\"elementor-widget-container\">\n\t\t\t\t\t\t\t<div class=\"elementor-shortcode\">\n\t<!--div class=\"promocion-filtro\">\r\n\t<a href=\"\" class=\"active\">Todas<\/a>\r\n\t<a href=\"\">En venta<\/a>\r\n\t<a href=\"\">Vendidas<\/a>\r\n<\/div-->\r\n<div class=\"promocion-grid\">\r\n\t\t\t\t<div class=\"promocion-item\"><!-- url  -->\r\n\t\t\t\t<div class=\"promocion-image\">\r\n\r\n\t\t\t\t\t\r\n\r\n\t\t\t\t\t<div class=\"label\" style=\"background-color:#2d3339\">LAST PROPERTY<\/div>\r\n\r\n\t\t\t\t\t<img fetchpriority=\"high\" decoding=\"async\" width=\"768\" height=\"576\" src=\"https:\/\/bonavistadev.com\/wp-content\/uploads\/2023\/12\/web-Vulpellac_exterior-2-768x576.webp\" class=\"attachment-medium size-medium wp-post-image\" alt=\"Vulpellac Baix empord\u00e0 | Exterior\" srcset=\"https:\/\/bonavistadev.com\/wp-content\/uploads\/2023\/12\/web-Vulpellac_exterior-2-768x576.webp 768w, https:\/\/bonavistadev.com\/wp-content\/uploads\/2023\/12\/web-Vulpellac_exterior-2-300x225.webp 300w, https:\/\/bonavistadev.com\/wp-content\/uploads\/2023\/12\/web-Vulpellac_exterior-2-1024x768.webp 1024w, https:\/\/bonavistadev.com\/wp-content\/uploads\/2023\/12\/web-Vulpellac_exterior-2-1536x1152.webp 1536w, https:\/\/bonavistadev.com\/wp-content\/uploads\/2023\/12\/web-Vulpellac_exterior-2.webp 1920w\" sizes=\"(max-width: 768px) 100vw, 768px\" \/>\t\t\t\t<\/div>\r\n\t\t\t\t<div class=\"overlay1\">\r\n\t\t\t\t\t<h3 class=\"title\">Vulpellac<\/h3>\r\n\t\t\t\t<\/div>\r\n\t\t\t\t<a href=\"https:\/\/bonavistadev.com\/en\/development\/vulpellac\/\" class=\"overlay\">\r\n\t\t\t\t\t<h3 class=\"title\">Vulpellac<\/h3>\r\n\t\t\t\t\t<span>\r\n\t\t\t\t\t\t<span class=\"promocion-btn\">See development <i class=\"fas fa-long-arrow-alt-right\"><\/i><\/span>\r\n\t\t\t\t\t<\/span>\r\n\t\t\t\t<\/a>\r\n\t\t\t<\/div>\r\n\t\t<\/div>\r\n<\/div>\n\t\t\t\t\t\t<\/div>\n\t\t\t\t<\/div>\n\t\t\t\t\t<\/div>\n\t\t<\/div>\n\t\t\t\t\t<\/div>\n\t\t<\/section>\n\t\t\t\t<section class=\"elementor-section elementor-top-section elementor-element elementor-element-5b45fa8d elementor-section-full_width elementor-section-height-default elementor-section-height-default\" data-id=\"5b45fa8d\" data-element_type=\"section\" data-e-type=\"section\" data-settings=\"{&quot;background_background&quot;:&quot;classic&quot;}\">\n\t\t\t\t\t\t<div class=\"elementor-container elementor-column-gap-default\">\n\t\t\t\t\t<div class=\"elementor-column elementor-col-33 elementor-top-column elementor-element elementor-element-4f0d4298\" data-id=\"4f0d4298\" data-element_type=\"column\" data-e-type=\"column\">\n\t\t\t<div class=\"elementor-widget-wrap\">\n\t\t\t\t\t\t\t<\/div>\n\t\t<\/div>\n\t\t\t\t<div class=\"elementor-column elementor-col-33 elementor-top-column elementor-element elementor-element-46cf0964\" data-id=\"46cf0964\" data-element_type=\"column\" data-e-type=\"column\" data-settings=\"{&quot;background_background&quot;:&quot;classic&quot;}\">\n\t\t\t<div class=\"elementor-widget-wrap\">\n\t\t\t\t\t\t\t<\/div>\n\t\t<\/div>\n\t\t\t\t<div class=\"elementor-column elementor-col-33 elementor-top-column elementor-element elementor-element-6badaff8\" data-id=\"6badaff8\" data-element_type=\"column\" data-e-type=\"column\">\n\t\t\t<div class=\"elementor-widget-wrap elementor-element-populated\">\n\t\t\t\t\t\t<div class=\"elementor-element elementor-element-28e67351 elementor-widget elementor-widget-heading\" data-id=\"28e67351\" data-element_type=\"widget\" data-e-type=\"widget\" data-widget_type=\"heading.default\">\n\t\t\t\t<div class=\"elementor-widget-container\">\n\t\t\t\t\t<h2 class=\"elementor-heading-title elementor-size-default\">JOIN our mailing list<\/h2>\t\t\t\t<\/div>\n\t\t\t\t<\/div>\n\t\t\t\t<div class=\"elementor-element elementor-element-521b7dc9 elementor-widget elementor-widget-heading\" data-id=\"521b7dc9\" data-element_type=\"widget\" data-e-type=\"widget\" data-widget_type=\"heading.default\">\n\t\t\t\t<div class=\"elementor-widget-container\">\n\t\t\t\t\t<h3 class=\"elementor-heading-title elementor-size-default\">BONAVISTA<\/h3>\t\t\t\t<\/div>\n\t\t\t\t<\/div>\n\t\t\t\t<div class=\"elementor-element elementor-element-6eeed808 elementor-widget elementor-widget-text-editor\" data-id=\"6eeed808\" data-element_type=\"widget\" data-e-type=\"widget\" data-widget_type=\"text-editor.default\">\n\t\t\t\t<div class=\"elementor-widget-container\">\n\t\t\t\t\t\t\t\t\t<p>Don&#8217;t miss out on our development updates.<\/p>\t\t\t\t\t\t\t\t<\/div>\n\t\t\t\t<\/div>\n\t\t\t\t<div class=\"elementor-element elementor-element-3ec8f8dc elementor-align-center elementor-widget elementor-widget-button\" data-id=\"3ec8f8dc\" data-element_type=\"widget\" data-e-type=\"widget\" data-widget_type=\"button.default\">\n\t\t\t\t<div class=\"elementor-widget-container\">\n\t\t\t\t\t\t\t\t\t<div class=\"elementor-button-wrapper\">\n\t\t\t\t\t<a class=\"elementor-button elementor-button-link elementor-size-sm\" href=\"#elementor-action%3Aaction%3Dpopup%3Aopen%26settings%3DeyJpZCI6IjkzNTQiLCJ0b2dnbGUiOmZhbHNlfQ%3D%3D\">\n\t\t\t\t\t\t<span class=\"elementor-button-content-wrapper\">\n\t\t\t\t\t\t\t\t\t<span class=\"elementor-button-text\">SUSCRIBE<\/span>\n\t\t\t\t\t<\/span>\n\t\t\t\t\t<\/a>\n\t\t\t\t<\/div>\n\t\t\t\t\t\t\t\t<\/div>\n\t\t\t\t<\/div>\n\t\t\t\t\t<\/div>\n\t\t<\/div>\n\t\t\t\t\t<\/div>\n\t\t<\/section>\n\t\t\t\t<\/div>\n\t\t","protected":false},"excerpt":{"rendered":"<p>Properties in Barcelona Exclusive new construction residential developments in Baix Empord\u00e0. Unique homes in the best locations. Contact now! PROperties en baix empord\u00e0 Exclusive new construction residential developments in Baix Empord\u00e0. Unique homes in the best locations. JOIN our mailing list BONAVISTA Don&#8217;t miss out on our development updates. SUSCRIBE<\/p>\n","protected":false},"author":2,"featured_media":0,"parent":19821,"menu_order":0,"comment_status":"closed","ping_status":"closed","template":"","meta":{"footnotes":""},"class_list":["post-18533","page","type-page","status-publish","hentry"],"yoast_head":"<!-- This site is optimized with the Yoast SEO plugin v24.5 - https:\/\/yoast.com\/wordpress\/plugins\/seo\/ -->\n<title>New construction in Baix Empord\u00e0, Barcelona | Bonavista<\/title>\n<meta name=\"description\" content=\"Exclusive new construction residential developments in Baix Empord\u00e0. Unique homes in the best locations. Contact us!\" \/>\n<meta name=\"robots\" content=\"index, follow, max-snippet:-1, max-image-preview:large, max-video-preview:-1\" \/>\n<link rel=\"canonical\" href=\"https:\/\/bonavistadev.com\/en\/residential\/barcelona\/baix-emporda\/\" \/>\n<meta property=\"og:locale\" content=\"en_US\" \/>\n<meta property=\"og:type\" content=\"article\" \/>\n<meta property=\"og:title\" content=\"New construction in Baix Empord\u00e0, Barcelona | Bonavista\" \/>\n<meta property=\"og:description\" content=\"Exclusive new construction residential developments in Baix Empord\u00e0. Unique homes in the best locations. Contact us!\" \/>\n<meta property=\"og:url\" content=\"https:\/\/bonavistadev.com\/en\/residential\/barcelona\/baix-emporda\/\" \/>\n<meta property=\"og:site_name\" content=\"Bonavistadev\" \/>\n<meta property=\"article:modified_time\" content=\"2024-10-07T07:59:31+00:00\" \/>\n<meta name=\"twitter:card\" content=\"summary_large_image\" \/>\n<meta name=\"twitter:label1\" content=\"Est. reading time\" \/>\n\t<meta name=\"twitter:data1\" content=\"1 minute\" \/>\n<script type=\"application\/ld+json\" class=\"yoast-schema-graph\">{\"@context\":\"https:\/\/schema.org\",\"@graph\":[{\"@type\":\"WebPage\",\"@id\":\"https:\/\/bonavistadev.com\/en\/residential\/barcelona\/baix-emporda\/\",\"url\":\"https:\/\/bonavistadev.com\/en\/residential\/barcelona\/baix-emporda\/\",\"name\":\"New construction in Baix Empord\u00e0, Barcelona | Bonavista\",\"isPartOf\":{\"@id\":\"https:\/\/bonavistadev.com\/en\/#website\"},\"datePublished\":\"2023-12-05T11:14:36+00:00\",\"dateModified\":\"2024-10-07T07:59:31+00:00\",\"description\":\"Exclusive new construction residential developments in Baix Empord\u00e0. Unique homes in the best locations. Contact us!\",\"breadcrumb\":{\"@id\":\"https:\/\/bonavistadev.com\/en\/residential\/barcelona\/baix-emporda\/#breadcrumb\"},\"inLanguage\":\"en-US\",\"potentialAction\":[{\"@type\":\"ReadAction\",\"target\":[\"https:\/\/bonavistadev.com\/en\/residential\/barcelona\/baix-emporda\/\"]}]},{\"@type\":\"BreadcrumbList\",\"@id\":\"https:\/\/bonavistadev.com\/en\/residential\/barcelona\/baix-emporda\/#breadcrumb\",\"itemListElement\":[{\"@type\":\"ListItem\",\"position\":1,\"name\":\"\",\"item\":\"https:\/\/bonavistadev.com\/en\/\"},{\"@type\":\"ListItem\",\"position\":2,\"name\":\"Residential\",\"item\":\"https:\/\/bonavistadev.com\/en\/residential\/\"},{\"@type\":\"ListItem\",\"position\":3,\"name\":\"Barcelona\",\"item\":\"https:\/\/bonavistadev.com\/en\/residential\/barcelona\/\"},{\"@type\":\"ListItem\",\"position\":4,\"name\":\"Properties in Baix Empord\u00e0\"}]},{\"@type\":\"WebSite\",\"@id\":\"https:\/\/bonavistadev.com\/en\/#website\",\"url\":\"https:\/\/bonavistadev.com\/en\/\",\"name\":\"Bonavistadev\",\"description\":\"Promociones de lujo en Barcelona\",\"publisher\":{\"@id\":\"https:\/\/bonavistadev.com\/en\/#organization\"},\"potentialAction\":[{\"@type\":\"SearchAction\",\"target\":{\"@type\":\"EntryPoint\",\"urlTemplate\":\"https:\/\/bonavistadev.com\/en\/?s={search_term_string}\"},\"query-input\":{\"@type\":\"PropertyValueSpecification\",\"valueRequired\":true,\"valueName\":\"search_term_string\"}}],\"inLanguage\":\"en-US\"},{\"@type\":\"Organization\",\"@id\":\"https:\/\/bonavistadev.com\/en\/#organization\",\"name\":\"Bonavista Developments\",\"url\":\"https:\/\/bonavistadev.com\/en\/\",\"logo\":{\"@type\":\"ImageObject\",\"inLanguage\":\"en-US\",\"@id\":\"https:\/\/bonavistadev.com\/en\/#\/schema\/logo\/image\/\",\"url\":\"https:\/\/bonavistadev.com\/wp-content\/uploads\/2020\/05\/bonavista_logo.png\",\"contentUrl\":\"https:\/\/bonavistadev.com\/wp-content\/uploads\/2020\/05\/bonavista_logo.png\",\"width\":250,\"height\":110,\"caption\":\"Bonavista Developments\"},\"image\":{\"@id\":\"https:\/\/bonavistadev.com\/en\/#\/schema\/logo\/image\/\"},\"sameAs\":[\"https:\/\/www.instagram.com\/bonavista_developments\/?hl=en\",\"https:\/\/www.linkedin.com\/company\/bonavista-developments\/\"]}]}<\/script>\n<!-- \/ Yoast SEO plugin. -->","yoast_head_json":{"title":"New construction in Baix Empord\u00e0, Barcelona | Bonavista","description":"Exclusive new construction residential developments in Baix Empord\u00e0. Unique homes in the best locations. Contact us!","robots":{"index":"index","follow":"follow","max-snippet":"max-snippet:-1","max-image-preview":"max-image-preview:large","max-video-preview":"max-video-preview:-1"},"canonical":"https:\/\/bonavistadev.com\/en\/residential\/barcelona\/baix-emporda\/","og_locale":"en_US","og_type":"article","og_title":"New construction in Baix Empord\u00e0, Barcelona | Bonavista","og_description":"Exclusive new construction residential developments in Baix Empord\u00e0. Unique homes in the best locations. Contact us!","og_url":"https:\/\/bonavistadev.com\/en\/residential\/barcelona\/baix-emporda\/","og_site_name":"Bonavistadev","article_modified_time":"2024-10-07T07:59:31+00:00","twitter_card":"summary_large_image","twitter_misc":{"Est. reading time":"1 minute"},"schema":{"@context":"https:\/\/schema.org","@graph":[{"@type":"WebPage","@id":"https:\/\/bonavistadev.com\/en\/residential\/barcelona\/baix-emporda\/","url":"https:\/\/bonavistadev.com\/en\/residential\/barcelona\/baix-emporda\/","name":"New construction in Baix Empord\u00e0, Barcelona | Bonavista","isPartOf":{"@id":"https:\/\/bonavistadev.com\/en\/#website"},"datePublished":"2023-12-05T11:14:36+00:00","dateModified":"2024-10-07T07:59:31+00:00","description":"Exclusive new construction residential developments in Baix Empord\u00e0. Unique homes in the best locations. Contact us!","breadcrumb":{"@id":"https:\/\/bonavistadev.com\/en\/residential\/barcelona\/baix-emporda\/#breadcrumb"},"inLanguage":"en-US","potentialAction":[{"@type":"ReadAction","target":["https:\/\/bonavistadev.com\/en\/residential\/barcelona\/baix-emporda\/"]}]},{"@type":"BreadcrumbList","@id":"https:\/\/bonavistadev.com\/en\/residential\/barcelona\/baix-emporda\/#breadcrumb","itemListElement":[{"@type":"ListItem","position":1,"name":"","item":"https:\/\/bonavistadev.com\/en\/"},{"@type":"ListItem","position":2,"name":"Residential","item":"https:\/\/bonavistadev.com\/en\/residential\/"},{"@type":"ListItem","position":3,"name":"Barcelona","item":"https:\/\/bonavistadev.com\/en\/residential\/barcelona\/"},{"@type":"ListItem","position":4,"name":"Properties in Baix Empord\u00e0"}]},{"@type":"WebSite","@id":"https:\/\/bonavistadev.com\/en\/#website","url":"https:\/\/bonavistadev.com\/en\/","name":"Bonavistadev","description":"Promociones de lujo en Barcelona","publisher":{"@id":"https:\/\/bonavistadev.com\/en\/#organization"},"potentialAction":[{"@type":"SearchAction","target":{"@type":"EntryPoint","urlTemplate":"https:\/\/bonavistadev.com\/en\/?s={search_term_string}"},"query-input":{"@type":"PropertyValueSpecification","valueRequired":true,"valueName":"search_term_string"}}],"inLanguage":"en-US"},{"@type":"Organization","@id":"https:\/\/bonavistadev.com\/en\/#organization","name":"Bonavista Developments","url":"https:\/\/bonavistadev.com\/en\/","logo":{"@type":"ImageObject","inLanguage":"en-US","@id":"https:\/\/bonavistadev.com\/en\/#\/schema\/logo\/image\/","url":"https:\/\/bonavistadev.com\/wp-content\/uploads\/2020\/05\/bonavista_logo.png","contentUrl":"https:\/\/bonavistadev.com\/wp-content\/uploads\/2020\/05\/bonavista_logo.png","width":250,"height":110,"caption":"Bonavista Developments"},"image":{"@id":"https:\/\/bonavistadev.com\/en\/#\/schema\/logo\/image\/"},"sameAs":["https:\/\/www.instagram.com\/bonavista_developments\/?hl=en","https:\/\/www.linkedin.com\/company\/bonavista-developments\/"]}]}},"_links":{"self":[{"href":"https:\/\/bonavistadev.com\/en\/wp-json\/wp\/v2\/pages\/18533","targetHints":{"allow":["GET"]}}],"collection":[{"href":"https:\/\/bonavistadev.com\/en\/wp-json\/wp\/v2\/pages"}],"about":[{"href":"https:\/\/bonavistadev.com\/en\/wp-json\/wp\/v2\/types\/page"}],"author":[{"embeddable":true,"href":"https:\/\/bonavistadev.com\/en\/wp-json\/wp\/v2\/users\/2"}],"replies":[{"embeddable":true,"href":"https:\/\/bonavistadev.com\/en\/wp-json\/wp\/v2\/comments?post=18533"}],"version-history":[{"count":12,"href":"https:\/\/bonavistadev.com\/en\/wp-json\/wp\/v2\/pages\/18533\/revisions"}],"predecessor-version":[{"id":21126,"href":"https:\/\/bonavistadev.com\/en\/wp-json\/wp\/v2\/pages\/18533\/revisions\/21126"}],"up":[{"embeddable":true,"href":"https:\/\/bonavistadev.com\/en\/wp-json\/wp\/v2\/pages\/19821"}],"wp:attachment":[{"href":"https:\/\/bonavistadev.com\/en\/wp-json\/wp\/v2\/media?parent=18533"}],"curies":[{"name":"wp","href":"https:\/\/api.w.org\/{rel}","templated":true}]}}